{"id":423,"date":"2019-09-04T14:54:47","date_gmt":"2019-09-04T14:54:47","guid":{"rendered":"https:\/\/www.xtrasize.us\/polityka-prywatnosci\/"},"modified":"2019-09-04T15:00:23","modified_gmt":"2019-09-04T15:00:23","slug":"polityka-prywatnosci","status":"publish","type":"page","link":"https:\/\/www.xtrasize.us\/pt-br\/polityka-prywatnosci\/","title":{"rendered":"Polityka prywatno\u015bci"},"content":{"rendered":"<p>Niniejsza polityka prywatno\u015bci zosta\u0142a opracowana, aby lepiej s\u0142u\u017cy\u0107 tym, kt\u00f3rzy s\u0105 zainteresowani tym, w jaki spos\u00f3b ich &#8220;Informacje osobiste&#8221; (PII) s\u0105 wykorzystywane online. Informacje osobiste, wykorzystywane w ameryka\u0144skim prawie ochrony prywatno\u015bci i bezpiecze\u0144stwa informacji, to informacje, kt\u00f3re mog\u0105 by\u0107 wykorzystywane samodzielnie lub wraz z innymi informacjami w celu identyfikacji, kontaktu lub zlokalizowania pojedynczej osoby lub w celu zidentyfikowania osoby w kontek\u015bcie. Prosimy o uwa\u017cne zapoznanie si\u0119 z nasz\u0105 polityk\u0105 prywatno\u015bci w celu uzyskania jasnego zrozumienia, w jaki spos\u00f3b gromadzimy, wykorzystujemy, chronimy lub w inny spos\u00f3b obchodzimy si\u0119 z Pa\u0144stwa danymi osobowymi zgodnie z nasz\u0105 stron\u0105 internetow\u0105.<\/p>\n<p><strong>Jakie dane osobowe zbieramy od os\u00f3b odwiedzaj\u0105cych nasz blog, stron\u0119 internetow\u0105 lub aplikacj\u0119?<\/strong><\/p>\n<p>Podczas zamawiania lub rejestracji na naszej stronie internetowej, w zale\u017cno\u015bci od sytuacji, mo\u017cesz zosta\u0107 poproszony o podanie swojego imienia i nazwiska, adresu e-mail, adresu pocztowego, informacji o karcie kredytowej lub innych danych, kt\u00f3re pomog\u0105 Ci w korzystaniu z naszych us\u0142ug.<\/p>\n<p><strong>Kiedy zbieramy informacje?<br \/>\n<\/strong><\/p>\n<p>Zbieramy informacje od Ciebie, gdy rejestrujesz si\u0119 na naszej stronie, sk\u0142adasz zam\u00f3wienie, subskrybujesz biuletyn, wype\u0142niasz formularz lub wprowadzasz informacje na naszej stronie.<\/p>\n<p><strong>Jak wykorzystujemy Twoje informacje?<\/strong><\/p>\n<p>Mo\u017cemy wykorzystywa\u0107 takie informacje w nast\u0119puj\u0105cy spos\u00f3b:<\/p>\n<ul>\n<li>Spersonalizowanie do\u015bwiadczenia u\u017cytkownika i umo\u017cliwienie nam dostarczenia tre\u015bci i ofert produktowych, kt\u00f3rymi jeste\u015b najbardziej zainteresowany.<\/li>\n<li>Ulepszenie naszej strony internetowej, aby lepiej s\u0142u\u017cy\u0107 Pa\u0144stwu.<\/li>\n<li>Aby umo\u017cliwi\u0107 nam lepsz\u0105 obs\u0142ug\u0119 klienta w reagowaniu na jego pro\u015bby o obs\u0142ug\u0119 klienta.<\/li>\n<li>Do administrowania konkursem, promocj\u0105, ankiet\u0105 lub inn\u0105 funkcj\u0105 strony internetowej.<\/li>\n<li>Aby szybko przetwarza\u0107 swoje transakcje.<\/li>\n<li>Wysy\u0142anie okresowych wiadomo\u015bci e-mail dotycz\u0105cych zam\u00f3wienia lub innych produkt\u00f3w i us\u0142ug.<\/li>\n<\/ul>\n<p><strong>W jaki spos\u00f3b chronimy informacje dla odwiedzaj\u0105cych?<\/strong><\/p>\n<p>Nasza strona internetowa jest regularnie skanowana pod k\u0105tem luk w zabezpieczeniach i znanych luk w zabezpieczeniach, aby zapewni\u0107 jak najwi\u0119ksze bezpiecze\u0144stwo Twojej wizyty na naszej stronie.<\/p>\n<p>U\u017cywamy regularnego skanowania Malware Scanning.<\/p>\n<p>Twoje dane osobowe znajduj\u0105 si\u0119 za zabezpieczonymi sieciami i s\u0105 dost\u0119pne tylko dla ograniczonej liczby os\u00f3b, kt\u00f3re maj\u0105 specjalne prawa dost\u0119pu do takich system\u00f3w i s\u0105 zobowi\u0105zane do zachowania poufno\u015bci informacji. Ponadto wszystkie poufne\/kredytowe informacje, kt\u00f3re podajesz, s\u0105 szyfrowane za pomoc\u0105 technologii Secure Socket Layer (SSL).<\/p>\n<p>Wdra\u017camy r\u00f3\u017cne \u015brodki bezpiecze\u0144stwa, gdy u\u017cytkownik sk\u0142ada zam\u00f3wienie, przesy\u0142a lub uzyskuje dost\u0119p do jego informacji w celu zachowania bezpiecze\u0144stwa jego danych osobowych.<\/p>\n<p>Wszystkie transakcje s\u0105 przetwarzane przez dostawc\u0119 bramek i nie s\u0105 przechowywane ani przetwarzane na naszych serwerach.<\/p>\n<p><strong>Czy u\u017cywamy plik\u00f3w cookie?<\/strong><\/p>\n<p>Tak. Pliki cookie to ma\u0142e pliki, kt\u00f3re witryna lub jej dostawca us\u0142ug przesy\u0142a na dysk twardy komputera u\u017cytkownika poprzez przegl\u0105dark\u0119 internetow\u0105 (je\u015bli u\u017cytkownik na to pozwala), co umo\u017cliwia systemom witryny lub dostawcy us\u0142ug rozpoznanie przegl\u0105darki u\u017cytkownika oraz przechwycenie i zapami\u0119tanie pewnych informacji. Na przyk\u0142ad, u\u017cywamy plik\u00f3w cookie, aby pom\u00f3c nam zapami\u0119ta\u0107 i przetworzy\u0107 produkty w koszyku. S\u0105 one r\u00f3wnie\u017c wykorzystywane, aby pom\u00f3c nam zrozumie\u0107 Twoje preferencje oparte na wcze\u015bniejszej lub bie\u017c\u0105cej aktywno\u015bci na stronie, co umo\u017cliwia nam zapewnienie Ci ulepszonych us\u0142ug. U\u017cywamy r\u00f3wnie\u017c plik\u00f3w cookie, aby pom\u00f3c nam w zestawianiu zbiorczych danych dotycz\u0105cych ruchu na stronie i interakcji na stronie, co pozwala nam oferowa\u0107 lepsze do\u015bwiadczenia i narz\u0119dzia w przysz\u0142o\u015bci.<\/p>\n<p>W tym celu u\u017cywamy plik\u00f3w cookie:<\/p>\n<ul>\n<li>Pomoc w zapami\u0119tywaniu i przetwarzaniu przedmiot\u00f3w w koszyku.<\/li>\n<li>Zrozumienie i zapisanie preferencji u\u017cytkownika dla przysz\u0142ych wizyt.<\/li>\n<li>Zbieraj zbiorcze dane o ruchu na stronie i interakcjach na stronie w celu zaoferowania lepszych do\u015bwiadcze\u0144 i narz\u0119dzi w przysz\u0142o\u015bci. Mo\u017cemy r\u00f3wnie\u017c korzysta\u0107 z zaufanych us\u0142ug stron trzecich, kt\u00f3re \u015bledz\u0105 te informacje w naszym imieniu.<\/li>\n<\/ul>\n<p>Mo\u017cesz wybra\u0107, aby komputer ostrzega\u0142 Ci\u0119 za ka\u017cdym razem, gdy wysy\u0142any jest plik cookie, lub mo\u017cesz wy\u0142\u0105czy\u0107 wszystkie pliki cookie. Robisz to poprzez ustawienia przegl\u0105darki (np. Internet Explorer). Ka\u017cda przegl\u0105darka jest troch\u0119 inna, wi\u0119c sp\u00f3jrz na swoj\u0105 w menu pomocy przegl\u0105darki, aby dowiedzie\u0107 si\u0119, w jaki spos\u00f3b prawid\u0142owo modyfikowa\u0107 pliki cookie.<\/p>\n<p>Je\u015bli wy\u0142\u0105czysz pliki cookie, niekt\u00f3re funkcje zostan\u0105 wy\u0142\u0105czone. Wy\u0142\u0105czy to niekt\u00f3re z funkcji, kt\u00f3re sprawi\u0105, \u017ce Twoja strona b\u0119dzie bardziej wydajna, a niekt\u00f3re z naszych us\u0142ug nie b\u0119d\u0105 dzia\u0142a\u0107 prawid\u0142owo.<\/p>\n<p><strong>Jak mo\u017cesz zrezygnowa\u0107, usun\u0105\u0107 lub zmodyfikowa\u0107 informacje, kt\u00f3re nam poda\u0142e\u015b?<\/strong><\/p>\n<p>Mo\u017cesz poprosi\u0107 o usuni\u0119cie informacji, klikaj\u0105c przycisk Kontakt\/Kontakt\/Kontakt na tej lub na stronie g\u0142\u00f3wnej.<\/p>\n<p>Nale\u017cy pami\u0119ta\u0107, \u017ce mo\u017cemy przechowywa\u0107 informacje o poszczeg\u00f3lnych transakcjach sprzeda\u017cy w celu sfinalizowania tej transakcji oraz w celach archiwizacyjnych.<\/p>\n<p><strong>Ujawnianie informacji przez osoby trzecie<\/strong><\/p>\n<p>Nie sprzedajemy, nie handlujemy ani w \u017caden inny spos\u00f3b nie przekazujemy stronom trzecim informacji umo\u017cliwiaj\u0105cych identyfikacj\u0119 u\u017cytkownika, chyba \u017ce poinformujemy go z wyprzedzeniem. Nie obejmuje to partner\u00f3w hostingowych i innych stron, kt\u00f3re pomagaj\u0105 nam w prowadzeniu naszej strony internetowej, prowadzeniu naszej dzia\u0142alno\u015bci lub obs\u0142udze u\u017cytkownika, o ile strony te zgadzaj\u0105 si\u0119 na zachowanie poufno\u015bci tych informacji. Mo\u017cemy r\u00f3wnie\u017c ujawni\u0107 informacje o u\u017cytkowniku, je\u015bli uznamy to za stosowne w celu zapewnienia zgodno\u015bci z prawem, wyegzekwowania zasad naszej witryny lub ochrony praw, w\u0142asno\u015bci lub bezpiecze\u0144stwa naszych lub innych os\u00f3b.<\/p>\n<p>Jednak\u017ce, informacje, kt\u00f3re nie pozwalaj\u0105 na identyfikacj\u0119 osoby odwiedzaj\u0105cej, mog\u0105 by\u0107 przekazywane innym stronom w celach marketingowych, reklamowych lub innych.<\/p>\n<p><strong>Powi\u0105zania stron trzecich<\/strong><\/p>\n<p>Czasami, wed\u0142ug naszego uznania, mo\u017cemy umie\u015bci\u0107 lub zaoferowa\u0107 produkty lub us\u0142ugi os\u00f3b trzecich na naszej stronie internetowej. Te strony internetowe stron trzecich posiadaj\u0105 oddzielne i niezale\u017cne polityki prywatno\u015bci. W zwi\u0105zku z tym nie ponosimy odpowiedzialno\u015bci za tre\u015bci i dzia\u0142ania tych stron, do kt\u00f3rych prowadz\u0105 odno\u015bniki. Niemniej jednak staramy si\u0119 chroni\u0107 integralno\u015b\u0107 naszej strony internetowej i z zadowoleniem przyjmujemy wszelkie informacje zwrotne dotycz\u0105ce tych stron.<\/p>\n<p><strong>Przekazywanie Twoich danych osobowych<\/strong><\/p>\n<p>Informacje o u\u017cytkowniku, w tym dane osobowe, mog\u0105 by\u0107 przekazywane i przechowywane na komputerach znajduj\u0105cych si\u0119 poza obszarem u\u017cytkownika. Stan, prowincja, kraj lub inna jurysdykcja rz\u0105dowa, w kt\u00f3rej przepisy o ochronie danych osobowych mog\u0105 r\u00f3\u017cni\u0107 si\u0119 od przepis\u00f3w obowi\u0105zuj\u0105cych w danej jurysdykcji.<\/p>\n<p>Podejmiemy wszelkie uzasadnione kroki niezb\u0119dne do zapewnienia, \u017ce Pa\u0144stwa dane b\u0119d\u0105 traktowane bezpiecznie i zgodnie z niniejsz\u0105 Polityk\u0105 Prywatno\u015bci, a przekazywanie Pa\u0144stwa danych osobowych do organizacji lub kraju nie b\u0119dzie mia\u0142o miejsca, o ile nie zostan\u0105 przeprowadzone odpowiednie kontrole, w tym w zakresie bezpiecze\u0144stwa Pa\u0144stwa danych i innych danych osobowych.<\/p>\n<p><strong>Ujawnienie Pa\u0144stwa danych osobowych<br \/>\n<\/strong><\/p>\n<p>Je\u015bli jeste\u015bmy zaanga\u017cowani w fuzj\u0119, przej\u0119cie lub sprzeda\u017c aktyw\u00f3w, Twoje dane osobowe mog\u0105 zosta\u0107 przekazane. Przeka\u017cemy powiadomienie, zanim dane osobowe u\u017cytkownika zostan\u0105 przekazane i stan\u0105 si\u0119 przedmiotem innej Polityki Prywatno\u015bci.<\/p>\n<p>W pewnych okoliczno\u015bciach mo\u017cemy by\u0107 zobowi\u0105zani do ujawnienia Pa\u0144stwa danych osobowych, je\u015bli jest to wymagane przez prawo lub w odpowiedzi na wa\u017cne wnioski w\u0142adz publicznych (np. s\u0105du lub agencji rz\u0105dowej).<\/p>\n<p><strong>Przechowywanie Pa\u0144stwa danych osobowych<\/strong><\/p>\n<p>Dane osobowe u\u017cytkownika b\u0119d\u0105 przechowywane tylko tak d\u0142ugo, jak jest to konieczne do cel\u00f3w okre\u015blonych w niniejszej Polityce Prywatno\u015bci. B\u0119dziemy przechowywa\u0107 i wykorzystywa\u0107 informacje o u\u017cytkowniku w zakresie niezb\u0119dnym do wype\u0142nienia naszych zobowi\u0105za\u0144 prawnych (na przyk\u0142ad, je\u015bli b\u0119dziemy zobowi\u0105zani do przechowywania danych u\u017cytkownika w celu zachowania zgodno\u015bci z obowi\u0105zuj\u0105cymi przepisami prawa), rozstrzygania spor\u00f3w i egzekwowania naszych um\u00f3w i polityk prawnych.<\/p>\n<p><strong>Informacje dotycz\u0105ce praw do ochrony danych osobowych na mocy og\u00f3lnego rozporz\u0105dzenia o ochronie danych (PKBR)<\/strong><\/p>\n<p>Dla cel\u00f3w niniejszej Polityki Prywatno\u015bci jeste\u015bmy kontrolerem danych osobowych u\u017cytkownika.<\/p>\n<p>Je\u015bli pochodzisz z Europejskiego Obszaru Gospodarczego (EOG), nasza podstawa prawna gromadzenia i wykorzystywania Twoich danych osobowych, jak opisano w niniejszej Polityce Prywatno\u015bci, zale\u017cy od gromadzonych przez nas informacji i specyficznego kontekstu, w jakim je gromadzimy. Mo\u017cemy przetwarza\u0107 Twoje dane osobowe, poniewa\u017c:<\/p>\n<ul>\n<li>Musimy wykona\u0107 umow\u0119 z Tob\u0105, na przyk\u0142ad gdy Polityka Createa z nami<\/li>\n<li>Da\u0142e\u015b nam na to pozwolenie.<\/li>\n<li>Przetwarzanie danych le\u017cy w naszym uzasadnionym interesie i nie jest nadrz\u0119dne w stosunku do Pa\u0144stwa praw.<\/li>\n<li>Do cel\u00f3w przetwarzania p\u0142atno\u015bci<\/li>\n<li>Przestrzeganie prawa<\/li>\n<\/ul>\n<p>Je\u015bli jeste\u015b mieszka\u0144cem Europejskiego Obszaru Gospodarczego (EOG), masz pewne prawa do ochrony danych. W pewnych okoliczno\u015bciach przys\u0142uguj\u0105 Pa\u0144stwu nast\u0119puj\u0105ce prawa do ochrony danych osobowych:<\/p>\n<ul>\n<li>Prawo dost\u0119pu, aktualizacji lub usuni\u0119cia danych osobowych, kt\u00f3re posiadamy na Tw\u00f3j temat.<\/li>\n<li>Prawo do sprostowania<\/li>\n<li>Prawo do wniesienia sprzeciwu<\/li>\n<li>Prawo do ograniczenia<\/li>\n<li>Prawo do przenoszenia danych<\/li>\n<li>Prawo do wycofania zgody<\/li>\n<\/ul>\n<p>Pami\u0119taj, \u017ce mo\u017cemy poprosi\u0107 Ci\u0119 o weryfikacj\u0119 Twojej to\u017csamo\u015bci przed odpowiedzi\u0105 na takie pro\u015bby.<\/p>\n<p>Masz prawo do z\u0142o\u017cenia skargi do Urz\u0119du Ochrony Danych na temat gromadzenia i wykorzystywania przez nas Twoich danych osobowych. Aby uzyska\u0107 wi\u0119cej informacji, prosimy o kontakt z lokalnym organem ds. ochrony danych w Europejskim Obszarze Gospodarczym (EOG).<\/p>\n<p><strong>Us\u0142ugodawcy<br \/>\n<\/strong><\/p>\n<p>Zatrudniamy firmy zewn\u0119trzne i osoby prywatne w celu u\u0142atwienia funkcjonowania naszej strony internetowej (&#8220;Dostawcy us\u0142ug&#8221;), zapewnienia naszej strony internetowej w naszym imieniu, \u015bwiadczenia us\u0142ug zwi\u0105zanych ze stron\u0105 internetow\u0105 lub pomocy w analizowaniu sposobu korzystania z naszej strony internetowej. Te osoby trzecie maj\u0105 dost\u0119p do Twoich danych osobowych tylko w celu wykonania tych zada\u0144 w naszym imieniu i s\u0105 zobowi\u0105zane do nieujawniania ich ani nie wykorzystywania w \u017cadnym innym celu.<\/p>\n<ul>\n<li><strong>Analityka<\/strong>\n<ul>\n<li>Google Analytics to us\u0142uga analityki internetowej oferowana przez Google, kt\u00f3ra \u015bledzi i raportuje ruch na stronach internetowych. Google wykorzystuje zebrane dane do \u015bledzenia i monitorowania korzystania z naszej Us\u0142ugi. Dane te s\u0105 udost\u0119pniane innym us\u0142ugom Google. Google mo\u017ce wykorzystywa\u0107 zebrane dane do kontekstualizacji i personalizacji reklam w swojej sieci reklamowej.U\u017cytkownik mo\u017ce zrezygnowa\u0107 z udost\u0119pniania swojej dzia\u0142alno\u015bci w Us\u0142udze Google Analytics, instaluj\u0105c GoogleAnalytics rezygnuje z dodatku do przegl\u0105darki internetowej. Dodatek uniemo\u017cliwia Google Analytics JavaScript (ga.js, analytics.js i dc.js) dzielenie si\u0119 z Google Analytics informacjami o aktywno\u015bci odwiedzin.Wi\u0119cej informacji na temat praktyk Google w zakresie ochrony prywatno\u015bci mo\u017cna znale\u017a\u0107 na stronie internetowej Google Privacy &amp; Terms: <a href=\"http:\/\/www.google.com\/intl\/en\/policies\/privacy\/\">http:\/\/www.google.com\/intl\/en\/policies\/privacy\/<\/a><\/li>\n<\/ul>\n<\/li>\n<li><strong>Przetw\u00f3rcy p\u0142atno\u015bci<\/strong>Dostarczamy p\u0142atne produkty i\/lub us\u0142ugi na naszej stronie internetowej. W takim przypadku do przetwarzania p\u0142atno\u015bci korzystamy z us\u0142ug podmiot\u00f3w trzecich (np. podmiot\u00f3w przetwarzaj\u0105cych p\u0142atno\u015bci).Nie przechowujemy ani nie gromadzimy danych Twojej karty p\u0142atniczej. Informacje te s\u0105 przekazywane bezpo\u015brednio naszym zewn\u0119trznym podmiotom przetwarzaj\u0105cym p\u0142atno\u015bci, kt\u00f3rych wykorzystanie danych osobowych jest regulowane przez ich Polityk\u0119 Prywatno\u015bci. Procesory p\u0142atno\u015bci spe\u0142niaj\u0105 standardy okre\u015blone przez PCI-DSS, zarz\u0105dzane przez Rad\u0119 Standard\u00f3w Bezpiecze\u0144stwa PCI.<\/li>\n<\/ul>\n<p><strong>Kontakt z nami<\/strong><\/p>\n<p>Je\u015bli masz jakiekolwiek pytania dotycz\u0105ce niniejszej polityki prywatno\u015bci, mo\u017cesz si\u0119 z nami skontaktowa\u0107.<\/p>\n","protected":false},"excerpt":{"rendered":"<p>Niniejsza polityka prywatno\u015bci zosta\u0142a opracowana, aby lepiej s\u0142u\u017cy\u0107 tym, kt\u00f3rzy s\u0105 zainteresowani tym, w jaki spos\u00f3b ich &#8220;Informacje osobiste&#8221; (PII) s\u0105 wykorzystywane online. Informacje osobiste, wykorzystywane w ameryka\u0144skim prawie ochrony prywatno\u015bci i bezpiecze\u0144stwa informacji, to informacje, kt\u00f3re mog\u0105 by\u0107 wykorzystywane samodzielnie lub wraz z innymi informacjami w celu identyfikacji, kontaktu lub zlokalizowania pojedynczej osoby lub [&hellip;]<\/p>\n","protected":false},"author":6,"featured_media":0,"parent":0,"menu_order":0,"comment_status":"closed","ping_status":"closed","template":"","meta":[],"yoast_head":"<!-- This site is optimized with the Yoast SEO plugin v18.3 - https:\/\/yoast.com\/wordpress\/plugins\/seo\/ -->\n<title>Polityka prywatno\u015bci - Xtrasize<\/title>\n<meta name=\"robots\" content=\"index, follow, max-snippet:-1, max-image-preview:large, max-video-preview:-1\" \/>\n<link rel=\"canonical\" href=\"https:\/\/www.xtrasize.us\/pt-br\/polityka-prywatnosci\/\" \/>\n<meta property=\"og:locale\" content=\"pt_BR\" \/>\n<meta property=\"og:type\" content=\"article\" \/>\n<meta property=\"og:title\" content=\"Polityka prywatno\u015bci - Xtrasize\" \/>\n<meta property=\"og:description\" content=\"Niniejsza polityka prywatno\u015bci zosta\u0142a opracowana, aby lepiej s\u0142u\u017cy\u0107 tym, kt\u00f3rzy s\u0105 zainteresowani tym, w jaki spos\u00f3b ich &#8220;Informacje osobiste&#8221; (PII) s\u0105 wykorzystywane online. Informacje osobiste, wykorzystywane w ameryka\u0144skim prawie ochrony prywatno\u015bci i bezpiecze\u0144stwa informacji, to informacje, kt\u00f3re mog\u0105 by\u0107 wykorzystywane samodzielnie lub wraz z innymi informacjami w celu identyfikacji, kontaktu lub zlokalizowania pojedynczej osoby lub [&hellip;]\" \/>\n<meta property=\"og:url\" content=\"https:\/\/www.xtrasize.us\/pt-br\/polityka-prywatnosci\/\" \/>\n<meta property=\"og:site_name\" content=\"Xtrasize\" \/>\n<meta property=\"article:modified_time\" content=\"2019-09-04T15:00:23+00:00\" \/>\n<meta name=\"twitter:card\" content=\"summary\" \/>\n<meta name=\"twitter:label1\" content=\"Est. tempo de leitura\" \/>\n\t<meta name=\"twitter:data1\" content=\"10 minutos\" \/>\n<script type=\"application\/ld+json\" class=\"yoast-schema-graph\">{\"@context\":\"https:\/\/schema.org\",\"@graph\":[{\"@type\":\"WebSite\",\"@id\":\"https:\/\/www.xtrasize.us\/#website\",\"url\":\"https:\/\/www.xtrasize.us\/\",\"name\":\"Xtrasize\",\"description\":\"\",\"potentialAction\":[{\"@type\":\"SearchAction\",\"target\":{\"@type\":\"EntryPoint\",\"urlTemplate\":\"https:\/\/www.xtrasize.us\/?s={search_term_string}\"},\"query-input\":\"required name=search_term_string\"}],\"inLanguage\":\"pt-BR\"},{\"@type\":\"WebPage\",\"@id\":\"https:\/\/www.xtrasize.us\/pt-br\/polityka-prywatnosci\/#webpage\",\"url\":\"https:\/\/www.xtrasize.us\/pt-br\/polityka-prywatnosci\/\",\"name\":\"Polityka prywatno\u015bci - Xtrasize\",\"isPartOf\":{\"@id\":\"https:\/\/www.xtrasize.us\/#website\"},\"datePublished\":\"2019-09-04T14:54:47+00:00\",\"dateModified\":\"2019-09-04T15:00:23+00:00\",\"breadcrumb\":{\"@id\":\"https:\/\/www.xtrasize.us\/pt-br\/polityka-prywatnosci\/#breadcrumb\"},\"inLanguage\":\"pt-BR\",\"potentialAction\":[{\"@type\":\"ReadAction\",\"target\":[\"https:\/\/www.xtrasize.us\/pt-br\/polityka-prywatnosci\/\"]}]},{\"@type\":\"BreadcrumbList\",\"@id\":\"https:\/\/www.xtrasize.us\/pt-br\/polityka-prywatnosci\/#breadcrumb\",\"itemListElement\":[{\"@type\":\"ListItem\",\"position\":1,\"name\":\"Startseite\",\"item\":\"https:\/\/www.xtrasize.us\/pt-br\/\"},{\"@type\":\"ListItem\",\"position\":2,\"name\":\"Polityka prywatno\u015bci\"}]}]}<\/script>\n<!-- \/ Yoast SEO plugin. -->","yoast_head_json":{"title":"Polityka prywatno\u015bci - Xtrasize","robots":{"index":"index","follow":"follow","max-snippet":"max-snippet:-1","max-image-preview":"max-image-preview:large","max-video-preview":"max-video-preview:-1"},"canonical":"https:\/\/www.xtrasize.us\/pt-br\/polityka-prywatnosci\/","og_locale":"pt_BR","og_type":"article","og_title":"Polityka prywatno\u015bci - Xtrasize","og_description":"Niniejsza polityka prywatno\u015bci zosta\u0142a opracowana, aby lepiej s\u0142u\u017cy\u0107 tym, kt\u00f3rzy s\u0105 zainteresowani tym, w jaki spos\u00f3b ich &#8220;Informacje osobiste&#8221; (PII) s\u0105 wykorzystywane online. Informacje osobiste, wykorzystywane w ameryka\u0144skim prawie ochrony prywatno\u015bci i bezpiecze\u0144stwa informacji, to informacje, kt\u00f3re mog\u0105 by\u0107 wykorzystywane samodzielnie lub wraz z innymi informacjami w celu identyfikacji, kontaktu lub zlokalizowania pojedynczej osoby lub [&hellip;]","og_url":"https:\/\/www.xtrasize.us\/pt-br\/polityka-prywatnosci\/","og_site_name":"Xtrasize","article_modified_time":"2019-09-04T15:00:23+00:00","twitter_card":"summary","twitter_misc":{"Est. tempo de leitura":"10 minutos"},"schema":{"@context":"https:\/\/schema.org","@graph":[{"@type":"WebSite","@id":"https:\/\/www.xtrasize.us\/#website","url":"https:\/\/www.xtrasize.us\/","name":"Xtrasize","description":"","potentialAction":[{"@type":"SearchAction","target":{"@type":"EntryPoint","urlTemplate":"https:\/\/www.xtrasize.us\/?s={search_term_string}"},"query-input":"required name=search_term_string"}],"inLanguage":"pt-BR"},{"@type":"WebPage","@id":"https:\/\/www.xtrasize.us\/pt-br\/polityka-prywatnosci\/#webpage","url":"https:\/\/www.xtrasize.us\/pt-br\/polityka-prywatnosci\/","name":"Polityka prywatno\u015bci - Xtrasize","isPartOf":{"@id":"https:\/\/www.xtrasize.us\/#website"},"datePublished":"2019-09-04T14:54:47+00:00","dateModified":"2019-09-04T15:00:23+00:00","breadcrumb":{"@id":"https:\/\/www.xtrasize.us\/pt-br\/polityka-prywatnosci\/#breadcrumb"},"inLanguage":"pt-BR","potentialAction":[{"@type":"ReadAction","target":["https:\/\/www.xtrasize.us\/pt-br\/polityka-prywatnosci\/"]}]},{"@type":"BreadcrumbList","@id":"https:\/\/www.xtrasize.us\/pt-br\/polityka-prywatnosci\/#breadcrumb","itemListElement":[{"@type":"ListItem","position":1,"name":"Startseite","item":"https:\/\/www.xtrasize.us\/pt-br\/"},{"@type":"ListItem","position":2,"name":"Polityka prywatno\u015bci"}]}]}},"_links":{"self":[{"href":"https:\/\/www.xtrasize.us\/pt-br\/wp-json\/wp\/v2\/pages\/423"}],"collection":[{"href":"https:\/\/www.xtrasize.us\/pt-br\/wp-json\/wp\/v2\/pages"}],"about":[{"href":"https:\/\/www.xtrasize.us\/pt-br\/wp-json\/wp\/v2\/types\/page"}],"author":[{"embeddable":true,"href":"https:\/\/www.xtrasize.us\/pt-br\/wp-json\/wp\/v2\/users\/6"}],"replies":[{"embeddable":true,"href":"https:\/\/www.xtrasize.us\/pt-br\/wp-json\/wp\/v2\/comments?post=423"}],"version-history":[{"count":3,"href":"https:\/\/www.xtrasize.us\/pt-br\/wp-json\/wp\/v2\/pages\/423\/revisions"}],"predecessor-version":[{"id":430,"href":"https:\/\/www.xtrasize.us\/pt-br\/wp-json\/wp\/v2\/pages\/423\/revisions\/430"}],"wp:attachment":[{"href":"https:\/\/www.xtrasize.us\/pt-br\/wp-json\/wp\/v2\/media?parent=423"}],"curies":[{"name":"wp","href":"https:\/\/api.w.org\/{rel}","templated":true}]}}