{"id":401,"date":"2019-09-04T14:38:42","date_gmt":"2019-09-04T14:38:42","guid":{"rendered":"https:\/\/www.xtrasize.us\/informativa-sulla-privacy\/"},"modified":"2019-09-04T14:40:25","modified_gmt":"2019-09-04T14:40:25","slug":"informativa-sulla-privacy","status":"publish","type":"page","link":"https:\/\/www.xtrasize.us\/it\/informativa-sulla-privacy\/","title":{"rendered":"Informativa sulla privacy"},"content":{"rendered":"<p>La presente informativa sulla privacy \u00e8 stata redatta per meglio servire coloro che sono interessati all&#8217;utilizzo online delle loro &#8220;Informazioni Personally Identificabili&#8221; (PII). Le PII, cos\u00ec come utilizzate nella legge statunitense sulla privacy e sulla sicurezza delle informazioni, sono informazioni che possono essere utilizzate da sole o insieme ad altre informazioni per identificare, contattare o localizzare una singola persona, o per identificare un individuo nel contesto. Si prega di leggere attentamente la nostra politica sulla privacy per avere una chiara comprensione di come raccogliamo, utilizziamo, proteggiamo, proteggiamo o gestiamo in altro modo i vostri dati personali in conformit\u00e0 con il nostro sito web.<\/p>\n<p><strong>Quali informazioni personali raccogliamo dalle persone che visitano il nostro blog, sito web o app?<\/strong><\/p>\n<p>Al momento dell&#8217;ordine o della registrazione sul nostro sito, a seconda dei casi, potrebbe esservi richiesto di inserire il vostro nome, indirizzo e-mail, indirizzo postale, informazioni sulla carta di credito o altri dettagli per aiutarvi con la vostra esperienza.<\/p>\n<p><strong>Quando raccogliamo le informazioni?<\/strong><\/p>\n<p>Raccogliamo informazioni da te quando ti registri sul nostro sito, effettui un ordine, ti iscrivi a una newsletter, compili un modulo o inserisci informazioni sul nostro sito.<\/p>\n<p><strong>Come utilizziamo le vostre informazioni?<\/strong><\/p>\n<p>Possiamo utilizzare tali informazioni nei seguenti modi:<\/p>\n<ul>\n<li>Per personalizzare l&#8217;esperienza dell&#8217;utente e per consentirci di fornire il tipo di contenuti e offerte di prodotti a cui siete pi\u00f9 interessati.<\/li>\n<li>Per migliorare il nostro sito web al fine di servirvi meglio.<\/li>\n<li>Per consentirci di rispondere meglio alle vostre richieste di assistenza clienti.<\/li>\n<li>Per amministrare un concorso, una promozione, un sondaggio o altre caratteristiche del sito.<\/li>\n<li>Per elaborare rapidamente le vostre transazioni.<\/li>\n<li>Per inviare e-mail periodiche riguardanti il tuo ordine o altri prodotti e servizi.<\/li>\n<\/ul>\n<p><strong>Come proteggiamo le informazioni dei visitatori?<\/strong><\/p>\n<p>Il nostro sito web viene controllato regolarmente per individuare le lacune di sicurezza e le vulnerabilit\u00e0 note, al fine di rendere la vostra visita al nostro sito il pi\u00f9 sicuro possibile.<\/p>\n<p>Usiamo regolarmente la scansione del malware.<\/p>\n<p>Il tuo le informazioni personali sono contenute in reti sicure e sono accessibili solo da un numero limitato di persone che hanno diritti speciali di accesso a tali sistemi e sono tenute a mantenere riservate le informazioni. Inoltre, tutte le informazioni sensibili\/crediti che fornite sono criptate tramite la tecnologia Secure Socket Layer (SSL).<\/p>\n<p>Implementiamo una serie di misure di sicurezza quando un utente inserisce un ordine, invia o accede alle sue informazioni per mantenere la sicurezza delle sue informazioni personali.<\/p>\n<p>Tutte le transazioni vengono elaborate attraverso un fornitore di gateway e non vengono memorizzate o elaborate sui nostri server.<\/p>\n<p><strong>Usiamo i &#8220;cookie&#8221;?<br \/>\n<\/strong><\/p>\n<p>Si&#8217;. I cookie sono piccoli file che un sito o il suo fornitore di servizi trasferisce sul disco rigido del vostro computer attraverso il vostro browser Web (se lo consentite) che consente ai sistemi del sito o del fornitore di servizi di riconoscere il vostro browser e catturare e ricordare alcune informazioni. Ad esempio, utilizziamo i cookie per aiutarci a ricordare ed elaborare gli articoli del tuo carrello. Sono anche utilizzati per aiutarci a capire le vostre preferenze sulla base delle attivit\u00e0 precedenti o attuali del sito, il che ci permette di fornirvi servizi migliori. Utilizziamo i cookie anche per aiutarci a compilare dati aggregati sul traffico e sull&#8217;interazione del sito, in modo da poter offrire in futuro migliori esperienze e strumenti per il sito.<\/p>\n<p>Usiamo i cookie per:<\/p>\n<ul>\n<li>Aiuta a ricordare ed elaborare gli articoli nel carrello della spesa.<\/li>\n<li>Comprendere e salvare le preferenze dell&#8217;utente per le visite future.<\/li>\n<li>Compilare dati aggregati sul traffico e le interazioni del sito al fine di offrire migliori esperienze e strumenti per il futuro. Possiamo anche utilizzare servizi di terze parti di fiducia che tracciano queste informazioni per nostro conto.<\/li>\n<\/ul>\n<p>Puoi scegliere se farti avvisare dal computer ogni volta che un cookie viene inviato, oppure puoi scegliere di disattivare tutti i cookie. Lo si fa attraverso le impostazioni del browser (come Internet Explorer). Ogni browser \u00e8 un po &#8216;diverso, quindi guardate il vostro del browserAiuta il menuHelp per imparare il modo corretto di modificare i cookie.<\/p>\n<p>Se disattivate i cookie, alcune funzioni saranno disabilitate. Disattiver\u00e0 alcune delle funzioni che rendono pi\u00f9 efficiente l&#8217;esperienza del vostro sito e alcuni dei nostri servizi non funzioneranno correttamente.<\/p>\n<p><strong>Come potete dissociarvi, rimuovere o modificare le informazioni che ci avete fornito?<\/strong><\/p>\n<p>Puoi richiedere la rimozione dei tuoi dati facendo clic sul pulsante Contatto Us\/Chat in questa o nella home page.<\/p>\n<p>Si prega di notare che possiamo conservare le informazioni su una singola transazione di vendita al fine di completare la transazione e a fini di registrazione.<\/p>\n<p><strong>Informativa di terzi<br \/>\n<\/strong><\/p>\n<p>Non vendiamo, commerciamo o trasferiamo in altro modo a terzi i vostri dati personali a meno che non vi forniamo un preavviso. Ci\u00f2 non include i partner di hosting di siti web e altre parti che ci aiutano a gestire il nostro sito web, a condurre la nostra attivit\u00e0, o a fornirvi assistenza, a condizione che tali parti accettino di mantenere riservate queste informazioni. Possiamo anche rilasciare le vostre informazioni quando riteniamo che il rilascio sia appropriato per rispettare la legge, far rispettare le nostre politiche del sito, o proteggere i nostri o altrui diritti, propriet\u00e0 o sicurezza.<\/p>\n<p>Tuttavia, le informazioni sui visitatori non personalmente identificabili possono essere fornite ad altre parti per scopi di marketing, pubblicit\u00e0 o altri usi.<\/p>\n<p><strong>Link di terze parti<\/strong><\/p>\n<p>Occasionalmente, a nostra discrezione, possiamo includere o offrire prodotti o servizi di terze parti sul nostro sito web. Questi siti di terze parti hanno politiche sulla privacy separate e indipendenti. Pertanto, non abbiamo alcuna responsabilit\u00e0 per il contenuto e le attivit\u00e0 di questi siti collegati. Tuttavia, cerchiamo di proteggere l&#8217;integrit\u00e0 del nostro sito e accogliamo con favore qualsiasi feedback su questi siti.<\/p>\n<p><strong>Trasferimento dei dati personali<br \/>\n<\/strong><\/p>\n<p>Le vostre informazioni, comprese le informazioni personali, possono essere trasferite a &#8211; e mantenute su &#8211; computer situati al di fuori del vostro stato, provincia, provincia, paese o altra giurisdizione governativa in cui le leggi sulla protezione dei dati personali possono differire da quelle della vostra giurisdizione.<\/p>\n<p>Adottiamo tutte le misure ragionevolmente necessarie per garantire che i vostri dati siano trattati in modo sicuro e in conformit\u00e0 con la presente Informativa sulla privacy e nessun trasferimento dei vostri dati personali avverr\u00e0 a un&#8217;organizzazione o a un paese a meno che non vi siano controlli adeguati, compresa la sicurezza dei vostri dati e di altre informazioni personali.<\/p>\n<p><strong>Divulgazione delle vostre informazioni personali<\/strong><\/p>\n<p>Se siamo coinvolti in una fusione, acquisizione o vendita di beni, i vostri dati personali possono essere trasferiti. Vi informeremo prima che i vostri dati personali vengano trasferiti e diventino soggetti ad una diversa Privacy Policy.<\/p>\n<p>In determinate circostanze, potremmo essere obbligati a rivelare i vostri dati personali se richiesto dalla legge o in risposta a richieste valide da parte di autorit\u00e0 pubbliche (ad esempio, un tribunale o un&#8217;agenzia governativa).<\/p>\n<p><strong>Conservazione dei dati personali<br \/>\n<\/strong><\/p>\n<p>Conserveremo le vostre informazioni personali solo per il tempo necessario per le finalit\u00e0 indicate nella presente informativa sulla privacy. Conserveremo e utilizzeremo le vostre informazioni nella misura necessaria per ottemperare ai nostri obblighi legali (ad esempio, se ci viene richiesto di conservare i vostri dati per ottemperare alle leggi applicabili), risolvere controversie e far rispettare i nostri accordi e politiche legali.<\/p>\n<p><strong>Informazioni sui vostri diritti in materia di protezione dei dati ai sensi del regolamento generale sulla protezione dei dati (GDPR)<\/strong><\/p>\n<p>Ai fini della presente informativa sulla privacy, siamo titolari del trattamento dei vostri dati personali.<\/p>\n<p>Se l&#8217;utente proviene dallo Spazio economico europeo (SEE), la nostra base giuridica per la raccolta e l&#8217;utilizzo dei suoi dati personali, come descritto nella presente Informativa sulla privacy, dipende dalle informazioni che raccogliamo e dal contesto specifico in cui le raccogliamo. Potremmo trattare i tuoi dati personali perch\u00e9:<\/p>\n<ul>\n<li>Abbiamo bisogno di eseguire un contratto con voi, come nel caso in cui voi Politica createa con noi<\/li>\n<li>Lei ci ha dato il permesso di farlo<\/li>\n<li>Il trattamento \u00e8 nel nostro legittimo interesse e non \u00e8 precluso dai vostri diritti.<\/li>\n<li>Per il trattamento dei pagamenti<\/li>\n<li>Per rispettare la legge<\/li>\n<\/ul>\n<p>Se siete residenti nello Spazio economico europeo (SEE), avete alcuni diritti di protezione dei dati. In determinate circostanze, avete i seguenti diritti di protezione dei dati:<\/p>\n<ul>\n<li>Il diritto di accesso, aggiornamento o cancellazione dei dati personali che abbiamo su di voi<\/li>\n<li>Il diritto di rettifica<\/li>\n<li>Il diritto di opporsi<\/li>\n<li>Il diritto di restrizione<\/li>\n<li>Il diritto alla portabilit\u00e0 dei dati<\/li>\n<li>Il diritto di ritirare il consenso<\/li>\n<\/ul>\n<p>Si prega di notare che potremmo chiedervi di verificare la vostra identit\u00e0 prima di rispondere a tali richieste.<\/p>\n<p>Avete il diritto di sporgere reclamo presso un&#8217;autorit\u00e0 per la protezione dei dati personali in merito alla raccolta e all&#8217;utilizzo dei vostri dati personali. Per ulteriori informazioni, si prega di contattare l&#8217;autorit\u00e0 locale per la protezione dei dati nello Spazio economico europeo (SEE).<\/p>\n<p><strong>Fornitori di servizi<\/strong><\/p>\n<p>Ci avvaliamo di societ\u00e0 e individui di terze parti per facilitare il nostro sito web (&#8220;Fornitori di servizi&#8221;), per fornire il nostro sito web per nostro conto, per eseguire servizi connessi al sito web o per assisterci nell&#8217;analisi dell&#8217;utilizzo del nostro sito web. Queste terze parti hanno accesso alle vostre informazioni personali solo per svolgere queste attivit\u00e0 per nostro conto e sono obbligate a non divulgarle o utilizzarle per qualsiasi altro scopo.<\/p>\n<ul>\n<li><strong>Analisi<\/strong>\n<ul>\n<li>Google Analytics \u00e8 un servizio di analisi web offerto da Google che traccia e riporta il traffico del sito web. Google utilizza i dati raccolti per tracciare e monitorare l&#8217;utilizzo del nostro Servizio. Questi dati sono condivisi con altri servizi di Google. Google pu\u00f2 utilizzare i dati raccolti per contestualizzare e personalizzare gli annunci della propria rete pubblicitaria.Puoi scegliere di non aver reso disponibile a Google Analytics la tua attivit\u00e0 sul Servizio, installando l&#8217;opzione GoogleAnalytics \u00e8 un componente aggiuntivo per il browser opt-out. Il componente aggiuntivo impedisce a Google Analytics JavaScript (ga.js, analytics.js e dc.js) di condividere informazioni con Google Analytics sull&#8217;attivit\u00e0 delle visite.\n<p>Per ulteriori informazioni sulle pratiche in materia di privacy di Google, si prega di visitare la pagina web di Google Privacy &amp; Terms: <a href=\"http:\/\/www.google.com\/intl\/en\/policies\/privacy\/\">http:\/\/www.google.com\/intl\/en\/policies\/privacy\/<\/a><\/li>\n<\/ul>\n<\/li>\n<li><strong>Processori di pagamenti<\/strong>Forniamo prodotti e\/o servizi a pagamento sul nostro sito web. In questo caso, utilizziamo servizi di terzi per l&#8217;elaborazione dei pagamenti (ad es. processori di pagamento).\n<p>Non conserveremo o raccoglieremo i dati della tua carta di pagamento. Tali informazioni sono fornite direttamente ai nostri incaricati del trattamento dei pagamenti di terze parti il cui utilizzo dei dati personali \u00e8 disciplinato dalla loro Informativa sulla privacy. Questi processori di pagamento aderiscono agli standard stabiliti da PCI-DSS come gestiti dal PCI Security Standards Council.<\/li>\n<\/ul>\n<p><strong>Contattarci<br \/>\n<\/strong><\/p>\n<p>In caso di domande relative alla presente informativa sulla privacy, potete contattarci.<\/p>\n","protected":false},"excerpt":{"rendered":"<p>La presente informativa sulla privacy \u00e8 stata redatta per meglio servire coloro che sono interessati all&#8217;utilizzo online delle loro &#8220;Informazioni Personally Identificabili&#8221; (PII). Le PII, cos\u00ec come utilizzate nella legge statunitense sulla privacy e sulla sicurezza delle informazioni, sono informazioni che possono essere utilizzate da sole o insieme ad altre informazioni per identificare, contattare o [&hellip;]<\/p>\n","protected":false},"author":6,"featured_media":0,"parent":0,"menu_order":0,"comment_status":"closed","ping_status":"closed","template":"","meta":[],"yoast_head":"<!-- This site is optimized with the Yoast SEO plugin v18.3 - https:\/\/yoast.com\/wordpress\/plugins\/seo\/ -->\n<title>Informativa sulla privacy - Xtrasize<\/title>\n<meta name=\"robots\" content=\"noindex, nofollow\" \/>\n<meta property=\"og:locale\" content=\"it_IT\" \/>\n<meta property=\"og:type\" content=\"article\" \/>\n<meta property=\"og:title\" content=\"Informativa sulla privacy - Xtrasize\" \/>\n<meta property=\"og:description\" content=\"La presente informativa sulla privacy \u00e8 stata redatta per meglio servire coloro che sono interessati all&#8217;utilizzo online delle loro &#8220;Informazioni Personally Identificabili&#8221; (PII). Le PII, cos\u00ec come utilizzate nella legge statunitense sulla privacy e sulla sicurezza delle informazioni, sono informazioni che possono essere utilizzate da sole o insieme ad altre informazioni per identificare, contattare o [&hellip;]\" \/>\n<meta property=\"og:url\" content=\"https:\/\/www.xtrasize.us\/it\/informativa-sulla-privacy\/\" \/>\n<meta property=\"og:site_name\" content=\"Xtrasize\" \/>\n<meta property=\"article:modified_time\" content=\"2019-09-04T14:40:25+00:00\" \/>\n<meta name=\"twitter:card\" content=\"summary\" \/>\n<meta name=\"twitter:label1\" content=\"Tempo di lettura stimato\" \/>\n\t<meta name=\"twitter:data1\" content=\"9 minuti\" \/>\n<script type=\"application\/ld+json\" class=\"yoast-schema-graph\">{\"@context\":\"https:\/\/schema.org\",\"@graph\":[{\"@type\":\"WebSite\",\"@id\":\"https:\/\/www.xtrasize.us\/#website\",\"url\":\"https:\/\/www.xtrasize.us\/\",\"name\":\"Xtrasize\",\"description\":\"\",\"potentialAction\":[{\"@type\":\"SearchAction\",\"target\":{\"@type\":\"EntryPoint\",\"urlTemplate\":\"https:\/\/www.xtrasize.us\/?s={search_term_string}\"},\"query-input\":\"required name=search_term_string\"}],\"inLanguage\":\"it-IT\"},{\"@type\":\"WebPage\",\"@id\":\"https:\/\/www.xtrasize.us\/it\/informativa-sulla-privacy\/#webpage\",\"url\":\"https:\/\/www.xtrasize.us\/it\/informativa-sulla-privacy\/\",\"name\":\"Informativa sulla privacy - Xtrasize\",\"isPartOf\":{\"@id\":\"https:\/\/www.xtrasize.us\/#website\"},\"datePublished\":\"2019-09-04T14:38:42+00:00\",\"dateModified\":\"2019-09-04T14:40:25+00:00\",\"breadcrumb\":{\"@id\":\"https:\/\/www.xtrasize.us\/it\/informativa-sulla-privacy\/#breadcrumb\"},\"inLanguage\":\"it-IT\",\"potentialAction\":[{\"@type\":\"ReadAction\",\"target\":[\"https:\/\/www.xtrasize.us\/it\/informativa-sulla-privacy\/\"]}]},{\"@type\":\"BreadcrumbList\",\"@id\":\"https:\/\/www.xtrasize.us\/it\/informativa-sulla-privacy\/#breadcrumb\",\"itemListElement\":[{\"@type\":\"ListItem\",\"position\":1,\"name\":\"Startseite\",\"item\":\"https:\/\/www.xtrasize.us\/it\/\"},{\"@type\":\"ListItem\",\"position\":2,\"name\":\"Informativa sulla privacy\"}]}]}<\/script>\n<!-- \/ Yoast SEO plugin. -->","yoast_head_json":{"title":"Informativa sulla privacy - Xtrasize","robots":{"index":"noindex","follow":"nofollow"},"og_locale":"it_IT","og_type":"article","og_title":"Informativa sulla privacy - Xtrasize","og_description":"La presente informativa sulla privacy \u00e8 stata redatta per meglio servire coloro che sono interessati all&#8217;utilizzo online delle loro &#8220;Informazioni Personally Identificabili&#8221; (PII). Le PII, cos\u00ec come utilizzate nella legge statunitense sulla privacy e sulla sicurezza delle informazioni, sono informazioni che possono essere utilizzate da sole o insieme ad altre informazioni per identificare, contattare o [&hellip;]","og_url":"https:\/\/www.xtrasize.us\/it\/informativa-sulla-privacy\/","og_site_name":"Xtrasize","article_modified_time":"2019-09-04T14:40:25+00:00","twitter_card":"summary","twitter_misc":{"Tempo di lettura stimato":"9 minuti"},"schema":{"@context":"https:\/\/schema.org","@graph":[{"@type":"WebSite","@id":"https:\/\/www.xtrasize.us\/#website","url":"https:\/\/www.xtrasize.us\/","name":"Xtrasize","description":"","potentialAction":[{"@type":"SearchAction","target":{"@type":"EntryPoint","urlTemplate":"https:\/\/www.xtrasize.us\/?s={search_term_string}"},"query-input":"required name=search_term_string"}],"inLanguage":"it-IT"},{"@type":"WebPage","@id":"https:\/\/www.xtrasize.us\/it\/informativa-sulla-privacy\/#webpage","url":"https:\/\/www.xtrasize.us\/it\/informativa-sulla-privacy\/","name":"Informativa sulla privacy - Xtrasize","isPartOf":{"@id":"https:\/\/www.xtrasize.us\/#website"},"datePublished":"2019-09-04T14:38:42+00:00","dateModified":"2019-09-04T14:40:25+00:00","breadcrumb":{"@id":"https:\/\/www.xtrasize.us\/it\/informativa-sulla-privacy\/#breadcrumb"},"inLanguage":"it-IT","potentialAction":[{"@type":"ReadAction","target":["https:\/\/www.xtrasize.us\/it\/informativa-sulla-privacy\/"]}]},{"@type":"BreadcrumbList","@id":"https:\/\/www.xtrasize.us\/it\/informativa-sulla-privacy\/#breadcrumb","itemListElement":[{"@type":"ListItem","position":1,"name":"Startseite","item":"https:\/\/www.xtrasize.us\/it\/"},{"@type":"ListItem","position":2,"name":"Informativa sulla privacy"}]}]}},"_links":{"self":[{"href":"https:\/\/www.xtrasize.us\/it\/wp-json\/wp\/v2\/pages\/401"}],"collection":[{"href":"https:\/\/www.xtrasize.us\/it\/wp-json\/wp\/v2\/pages"}],"about":[{"href":"https:\/\/www.xtrasize.us\/it\/wp-json\/wp\/v2\/types\/page"}],"author":[{"embeddable":true,"href":"https:\/\/www.xtrasize.us\/it\/wp-json\/wp\/v2\/users\/6"}],"replies":[{"embeddable":true,"href":"https:\/\/www.xtrasize.us\/it\/wp-json\/wp\/v2\/comments?post=401"}],"version-history":[{"count":2,"href":"https:\/\/www.xtrasize.us\/it\/wp-json\/wp\/v2\/pages\/401\/revisions"}],"predecessor-version":[{"id":407,"href":"https:\/\/www.xtrasize.us\/it\/wp-json\/wp\/v2\/pages\/401\/revisions\/407"}],"wp:attachment":[{"href":"https:\/\/www.xtrasize.us\/it\/wp-json\/wp\/v2\/media?parent=401"}],"curies":[{"name":"wp","href":"https:\/\/api.w.org\/{rel}","templated":true}]}}