{"id":382,"date":"2019-09-04T14:30:10","date_gmt":"2019-09-04T14:30:10","guid":{"rendered":"https:\/\/www.xtrasize.us\/datenschutzerklarung\/"},"modified":"2019-09-04T14:33:13","modified_gmt":"2019-09-04T14:33:13","slug":"datenschutzerklarung","status":"publish","type":"page","link":"https:\/\/www.xtrasize.us\/de\/datenschutzerklarung\/","title":{"rendered":"Datenschutzerkl\u00e4rung"},"content":{"rendered":"<p>Diese Datenschutzerkl\u00e4rung wurde erstellt, um denjenigen, die sich damit befassen, wie ihre &#8222;personenbezogenen Daten&#8220; (PII) online verwendet werden, besser zu dienen. PII, wie sie im US-Datenschutzgesetz und in der Informationssicherheit verwendet werden, sind Informationen, die allein oder zusammen mit anderen Informationen verwendet werden k\u00f6nnen, um eine einzelne Person zu identifizieren, zu kontaktieren oder zu finden oder um eine Person im Zusammenhang zu identifizieren. Bitte lesen Sie unsere Datenschutzerkl\u00e4rung sorgf\u00e4ltig durch, um ein klares Verst\u00e4ndnis davon zu erhalten, wie wir Ihre personenbezogenen Daten in \u00dcbereinstimmung mit unserer Website sammeln, verwenden, sch\u00fctzen oder anderweitig behandeln.<\/p>\n<p><strong>Welche personenbezogenen Daten erfassen wir von den Personen, die unseren Blog, unsere Website oder unsere App besuchen?<\/strong><\/p>\n<p>Wenn Sie auf unserer Website bestellen oder sich registrieren, werden Sie m\u00f6glicherweise aufgefordert, Ihren Namen, Ihre E-Mail-Adresse, Postanschrift, Kreditkarteninformationen oder andere Daten einzugeben, um Ihnen bei Ihrer Arbeit zu helfen.<\/p>\n<p><strong>Wann erfassen wir Informationen?<\/strong><\/p>\n<p>Wir erfassen Informationen von Ihnen, wenn Sie sich auf unserer Website registrieren, eine Bestellung aufgeben, einen Newsletter abonnieren, ein Formular ausf\u00fcllen oder Informationen auf unserer Website eingeben.<\/p>\n<p><strong>Wie verwenden wir Ihre Daten?<br \/>\n<\/strong><\/p>\n<p>Wir k\u00f6nnen diese Informationen auf folgende Weise verwenden:<\/p>\n<ul>\n<li>Um die Benutzerfreundlichkeit zu personalisieren und es uns zu erm\u00f6glichen, die Art von Inhalten und Produktangeboten anzubieten, an denen Sie am meisten interessiert sind.<\/li>\n<li>Unsere Website zu verbessern, um Ihnen einen besseren Service bieten zu k\u00f6nnen.<\/li>\n<li>Um es uns zu erm\u00f6glichen, Sie bei der Beantwortung Ihrer Kundenanfragen besser zu bedienen.<\/li>\n<li>Zur Verwaltung eines Wettbewerbs, einer Promotion, einer Umfrage oder eines anderen Features der Website.<\/li>\n<li>Um Ihre Transaktionen schnell zu bearbeiten.<\/li>\n<li>Um regelm\u00e4\u00dfig E-Mails \u00fcber Ihre Bestellung oder andere Produkte und Dienstleistungen zu versenden.<\/li>\n<\/ul>\n<p><strong>Wie sch\u00fctzen wir Besucherinformationen?<\/strong><\/p>\n<p>Unsere Website wird regelm\u00e4\u00dfig auf Sicherheitsl\u00fccken und bekannte Schwachstellen \u00fcberpr\u00fcft, um Ihren Besuch auf unserer Website so sicher wie m\u00f6glich zu gestalten.<\/p>\n<p>Wir verwenden regelm\u00e4\u00dfig Malware-Scans.<\/p>\n<p>Ihr Personenbezogene Daten werden in gesicherten Netzwerken gespeichert und sind nur einer begrenzten Anzahl von Personen zug\u00e4nglich, die besondere Zugriffsrechte auf solche Systeme haben und verpflichtet sind, die Informationen vertraulich zu behandeln. Dar\u00fcber hinaus werden alle von Ihnen angegebenen sensiblen Informationen\/Kreditinformationen durch die Secure Socket Layer (SSL)-Technologie verschl\u00fcsselt.<\/p>\n<p>Wir implementieren eine Vielzahl von Sicherheitsma\u00dfnahmen, wenn ein Benutzer eine Bestellung aufgibt, ihre Daten eingibt, \u00fcbermittelt oder darauf zugreift, um die Sicherheit Ihrer pers\u00f6nlichen Daten zu gew\u00e4hrleisten.<\/p>\n<p>Alle Transaktionen werden \u00fcber einen Gateway-Provider abgewickelt und nicht auf unseren Servern gespeichert oder verarbeitet.<\/p>\n<p><strong>Verwenden wir &#8222;Cookies&#8220;?<\/strong><\/p>\n<p>Ja. Cookies sind kleine Dateien, die eine Website oder ihr Dienstanbieter \u00fcber Ihren Webbrowser auf die Festplatte Ihres Computers \u00fcbertr\u00e4gt (wenn Sie dies zulassen), so dass die Systeme der Website oder des Dienstanbieters Ihren Browser erkennen und bestimmte Informationen erfassen und speichern k\u00f6nnen. Beispielsweise verwenden wir Cookies, um uns zu helfen, die Artikel in Ihrem Warenkorb zu speichern und zu bearbeiten. Sie werden auch verwendet, um uns zu helfen, Ihre Pr\u00e4ferenzen zu verstehen, die auf fr\u00fcheren oder aktuellen Aktivit\u00e4ten auf der Website basieren, was es uns erm\u00f6glicht, Ihnen verbesserte Dienstleistungen anzubieten. Wir verwenden auch Cookies, um uns zu helfen, aggregierte Daten \u00fcber den Website-Traffic und die Interaktion mit der Website zusammenzustellen, damit wir in Zukunft bessere Website-Erfahrungen und -Tools anbieten k\u00f6nnen.<\/p>\n<p>Wir verwenden Cookies, um:<\/p>\n<ul>\n<li>Hilfe beim Erinnern und Bearbeiten der Artikel im Warenkorb.<\/li>\n<li>Verstehen und speichern Sie die Einstellungen des Benutzers f\u00fcr zuk\u00fcnftige Besuche.<\/li>\n<li>Sammeln Sie aggregierte Daten \u00fcber den Website-Traffic und die Interaktionen mit der Website, um in Zukunft bessere Website-Erfahrungen und -Tools anbieten zu k\u00f6nnen. Wir k\u00f6nnen auch vertrauensw\u00fcrdige Drittanbieterdienste in Anspruch nehmen, die diese Informationen in unserem Namen verfolgen.<\/li>\n<\/ul>\n<p>Sie k\u00f6nnen w\u00e4hlen, ob Ihr Computer Sie jedes Mal warnen soll, wenn ein Cookie gesendet wird, oder ob Sie alle Cookies deaktivieren m\u00f6chten. Dies geschieht \u00fcber die Einstellungen Ihres Browsers (z.B. Internet Explorer). Jeder Browser ist ein wenig anders, also schauen Sie sich Ihre im Men\u00fc Hilfe des Browsers, um zu erfahren, wie Sie Ihre Cookies richtig \u00e4ndern k\u00f6nnen.<\/p>\n<p>Wenn Sie Cookies deaktivieren, werden einige Funktionen deaktiviert. Es werden einige der Funktionen deaktiviert, die Ihre Website effizienter machen, und einige unserer Dienste funktionieren nicht ordnungsgem\u00e4\u00df.<\/p>\n<p><strong>Wie k\u00f6nnen Sie die von Ihnen zur Verf\u00fcgung gestellten Informationen ablehnen, entfernen oder \u00e4ndern?<\/strong><\/p>\n<p>Sie k\u00f6nnen die Entfernung Ihrer Daten beantragen, indem Sie auf die Schaltfl\u00e4che Kontakt Us\/Live Chat auf dieser oder der Startseite klicken.<\/p>\n<p>Bitte beachten Sie, dass wir Informationen \u00fcber eine einzelne Verkaufstransaktion speichern k\u00f6nnen, um diese Transaktion abzuschlie\u00dfen und zu Aufzeichnungszwecken.<\/p>\n<p><strong>Offenlegungen von Dritten<\/strong><\/p>\n<p>Wir verkaufen, handeln oder \u00fcbertragen Ihre personenbezogenen Daten nicht an Dritte, es sei denn, wir informieren Sie im Voraus. Dies gilt nicht f\u00fcr Website-Hosting-Partner und andere Parteien, die uns beim Betrieb unserer Website, bei der Durchf\u00fchrung unserer Gesch\u00e4fte oder beim Service f\u00fcr Sie unterst\u00fctzen, sofern diese Parteien sich verpflichten, diese Informationen vertraulich zu behandeln. Wir k\u00f6nnen Ihre Daten auch dann freigeben, wenn wir glauben, dass die Freigabe angemessen ist, um das Gesetz einzuhalten, unsere Website-Richtlinien durchzusetzen oder unsere oder die Rechte, das Eigentum oder die Sicherheit anderer zu sch\u00fctzen.<\/p>\n<p>Allerdings k\u00f6nnen nicht pers\u00f6nlich identifizierbare Besucherinformationen an Dritte f\u00fcr Marketing-, Werbe- oder andere Zwecke weitergegeben werden.<\/p>\n<p><strong>Links von Drittanbietern<\/strong><\/p>\n<p>Gelegentlich k\u00f6nnen wir nach unserem Ermessen Produkte oder Dienstleistungen von Drittanbietern auf unserer Website anbieten. Diese Websites von Drittanbietern haben separate und unabh\u00e4ngige Datenschutzrichtlinien. Wir \u00fcbernehmen daher keine Verantwortung oder Haftung f\u00fcr den Inhalt und die Aktivit\u00e4ten dieser verlinkten Seiten. Dennoch sind wir bestrebt, die Integrit\u00e4t unserer Website zu sch\u00fctzen und begr\u00fc\u00dfen jedes Feedback zu diesen Websites.<\/p>\n<p><strong>\u00dcbermittlung Ihrer personenbezogenen Daten<\/strong><\/p>\n<p>Ihre Daten, einschlie\u00dflich personenbezogener Daten, k\u00f6nnen an Computer au\u00dferhalb Ihres Unternehmens \u00fcbertragen und dort gespeichert werden. Staat, Provinz, Land oder andere Regierungsgerichtsbarkeiten, in denen die Datenschutzgesetze von denen Ihrer Gerichtsbarkeit abweichen k\u00f6nnen.<\/p>\n<p>Wir werden alle vern\u00fcnftigerweise notwendigen Schritte unternehmen, um sicherzustellen, dass Ihre Daten sicher und in \u00dcbereinstimmung mit dieser Datenschutzrichtlinie behandelt werden, und es findet keine \u00dcbermittlung Ihrer pers\u00f6nlichen Daten an ein Unternehmen oder ein Land statt, es sei denn, es gibt angemessene Kontrollen, einschlie\u00dflich der Sicherheit Ihrer Daten und anderer pers\u00f6nlicher Daten.<\/p>\n<p><strong>Offenlegung Ihrer personenbezogenen Daten<\/strong><\/p>\n<p>Wenn wir an einer Fusion, \u00dcbernahme oder einem Verkauf von Verm\u00f6genswerten beteiligt sind, k\u00f6nnen Ihre personenbezogenen Daten \u00fcbertragen werden. Wir werden Sie dar\u00fcber informieren, bevor Ihre personenbezogenen Daten \u00fcbertragen werden und unterliegen einer anderen Datenschutzerkl\u00e4rung.<\/p>\n<p>Unter bestimmten Umst\u00e4nden k\u00f6nnen wir verpflichtet sein, Ihre personenbezogenen Daten offenzulegen, wenn dies gesetzlich vorgeschrieben ist oder wenn wir auf berechtigte Anfragen von Beh\u00f6rden (z.B. einem Gericht oder einer Regierungsbeh\u00f6rde) reagieren.<\/p>\n<p><strong>Speicherung Ihrer personenbezogenen Daten<\/strong><\/p>\n<p>Wir speichern Ihre personenbezogenen Daten nur so lange, wie es f\u00fcr die in dieser Datenschutzerkl\u00e4rung genannten Zwecke erforderlich ist. Wir speichern und verwenden Ihre Daten, soweit dies zur Erf\u00fcllung unserer gesetzlichen Verpflichtungen erforderlich ist (z.B. wenn wir Ihre Daten zur Einhaltung der geltenden Gesetze aufbewahren m\u00fcssen), l\u00f6sen Streitigkeiten und setzen unsere rechtlichen Vereinbarungen und Richtlinien durch.<\/p>\n<p><strong>Informationen zu Ihren Datenschutzrechten nach der Allgemeinen Datenschutzverordnung (GDPR)<br \/>\n<\/strong><\/p>\n<p>F\u00fcr die Zwecke dieser Datenschutzerkl\u00e4rung sind wir der Datenverantwortliche f\u00fcr Ihre personenbezogenen Daten.<\/p>\n<p>Wenn Sie aus dem Europ\u00e4ischen Wirtschaftsraum (EWR) stammen, h\u00e4ngt unsere Rechtsgrundlage f\u00fcr die Erhebung und Verwendung Ihrer personenbezogenen Daten, wie in dieser Datenschutzerkl\u00e4rung beschrieben, von den von uns erfassten Daten und dem spezifischen Kontext ab, in dem wir sie erfassen. Wir k\u00f6nnen Ihre personenbezogenen Daten verarbeiten, weil:<\/p>\n<ul>\n<li>Wir m\u00fcssen einen Vertrag mit Ihnen abschlie\u00dfen, z.B. wenn Sie createa Policy mit uns<\/li>\n<li>Sie haben uns die Erlaubnis dazu erteilt.<\/li>\n<li>Die Verarbeitung liegt in unserem berechtigten Interesse und wird nicht durch Ihre Rechte au\u00dfer Kraft gesetzt.<\/li>\n<li>F\u00fcr die Zahlungsabwicklung<\/li>\n<li>Zur Einhaltung des Gesetzes<\/li>\n<\/ul>\n<p>Wenn Sie Ihren Wohnsitz im Europ\u00e4ischen Wirtschaftsraum (EWR) haben, haben Sie bestimmte Datenschutzrechte. Unter bestimmten Umst\u00e4nden haben Sie die folgenden Datenschutzrechte:<\/p>\n<ul>\n<li>Das Recht auf Zugang, Aktualisierung oder L\u00f6schung der personenbezogenen Daten, die wir \u00fcber Sie haben.<\/li>\n<li>Das Recht auf Nachbesserung<\/li>\n<li>Das Widerspruchsrecht<\/li>\n<li>Das Recht auf Einschr\u00e4nkung<\/li>\n<li>Das Recht auf Daten\u00fcbertragbarkeit<\/li>\n<li>Das Recht auf Widerruf der Einwilligung<\/li>\n<\/ul>\n<p>Bitte beachten Sie, dass wir Sie m\u00f6glicherweise bitten, Ihre Identit\u00e4t zu \u00fcberpr\u00fcfen, bevor wir auf solche Anfragen antworten.<\/p>\n<p>Sie haben das Recht, sich bei einer Datenschutzbeh\u00f6rde \u00fcber die Erhebung und Verwendung Ihrer personenbezogenen Daten zu beschweren. F\u00fcr weitere Informationen wenden Sie sich bitte an Ihre lokale Datenschutzbeh\u00f6rde im Europ\u00e4ischen Wirtschaftsraum (EWR).<\/p>\n<p><strong>Dienstleister<br \/>\n<\/strong><\/p>\n<p>Wir besch\u00e4ftigen Drittunternehmen und Einzelpersonen, um unsere Website zu erleichtern (&#8222;Dienstleister&#8220;), unsere Website in unserem Namen zur Verf\u00fcgung zu stellen, um website-bezogene Dienstleistungen zu erbringen oder um uns bei der Analyse der Nutzung unserer Website zu unterst\u00fctzen. Diese Dritten haben nur zur Erf\u00fcllung dieser Aufgaben in unserem Namen Zugang zu Ihren personenbezogenen Daten und sind verpflichtet, diese nicht weiterzugeben oder f\u00fcr andere Zwecke zu verwenden.<\/p>\n<ul>\n<li><strong>Analytik<\/strong>\n<ul>\n<li>Google Analytics ist ein von Google angebotener Webanalysedienst, der den Traffic der Website verfolgt und meldet. Google verwendet die gesammelten Daten, um die Nutzung unseres Service zu verfolgen und zu \u00fcberwachen. Diese Daten werden an andere Google-Dienste weitergegeben. Google kann die gesammelten Daten verwenden, um die Anzeigen des eigenen Werbenetzwerks zu kontextualisieren und zu personalisieren.Sie k\u00f6nnen sich gegen die Bereitstellung Ihrer Aktivit\u00e4t auf dem Service f\u00fcr Google Analytics entscheiden, indem Sie die Option GoogleAnalytics Opt-out-Browser-Add-on. Das Add-on verhindert, dass das Google Analytics JavaScript (ga.js, analytics.js und dc.js) Informationen \u00fcber die Besuchsaktivit\u00e4t mit Google Analytics teilt.\n<p>Weitere Informationen \u00fcber die Datenschutzpraktiken von Google finden Sie auf der Webseite von Google Privacy &amp; Terms: <a href=\"http:\/\/www.google.com\/intl\/en\/policies\/privacy\/\">http:\/\/www.google.com\/intl\/en\/policies\/privacy\/<\/a><\/li>\n<\/ul>\n<\/li>\n<li><strong>Zahlungsverarbeiter<\/strong>Wir bieten kostenpflichtige Produkte und\/oder Dienstleistungen auf unserer Website an. In diesem Fall nutzen wir f\u00fcr die Zahlungsabwicklung Fremdleistungen (z.B. Zahlungsabwickler).\n<p>Wir werden Ihre Zahlungskartendaten nicht speichern oder sammeln. Diese Informationen werden direkt an unsere externen Zahlungsabwickler weitergegeben, deren Verwendung Ihrer personenbezogenen Daten durch deren Datenschutzrichtlinie geregelt ist. Diese Zahlungsabwickler halten sich an die vom PCI-DSS festgelegten Standards, die vom PCI Security Standards Council verwaltet werden.<\/li>\n<\/ul>\n<p><strong>Kontaktaufnahme mit uns<\/strong><\/p>\n<p>Wenn es Fragen zu dieser Datenschutzerkl\u00e4rung gibt, k\u00f6nnen Sie uns kontaktieren.<\/p>\n","protected":false},"excerpt":{"rendered":"<p>Diese Datenschutzerkl\u00e4rung wurde erstellt, um denjenigen, die sich damit befassen, wie ihre &#8222;personenbezogenen Daten&#8220; (PII) online verwendet werden, besser zu dienen. PII, wie sie im US-Datenschutzgesetz und in der Informationssicherheit verwendet werden, sind Informationen, die allein oder zusammen mit anderen Informationen verwendet werden k\u00f6nnen, um eine einzelne Person zu identifizieren, zu kontaktieren oder zu finden [&hellip;]<\/p>\n","protected":false},"author":6,"featured_media":0,"parent":0,"menu_order":0,"comment_status":"closed","ping_status":"closed","template":"","meta":[],"yoast_head":"<!-- This site is optimized with the Yoast SEO plugin v18.3 - https:\/\/yoast.com\/wordpress\/plugins\/seo\/ -->\n<title>Datenschutzerkl\u00e4rung - Xtrasize<\/title>\n<meta name=\"robots\" content=\"noindex, nofollow\" \/>\n<meta property=\"og:locale\" content=\"de_DE\" \/>\n<meta property=\"og:type\" content=\"article\" \/>\n<meta property=\"og:title\" content=\"Datenschutzerkl\u00e4rung - Xtrasize\" \/>\n<meta property=\"og:description\" content=\"Diese Datenschutzerkl\u00e4rung wurde erstellt, um denjenigen, die sich damit befassen, wie ihre &#8222;personenbezogenen Daten&#8220; (PII) online verwendet werden, besser zu dienen. PII, wie sie im US-Datenschutzgesetz und in der Informationssicherheit verwendet werden, sind Informationen, die allein oder zusammen mit anderen Informationen verwendet werden k\u00f6nnen, um eine einzelne Person zu identifizieren, zu kontaktieren oder zu finden [&hellip;]\" \/>\n<meta property=\"og:url\" content=\"https:\/\/www.xtrasize.us\/de\/datenschutzerklarung\/\" \/>\n<meta property=\"og:site_name\" content=\"Xtrasize\" \/>\n<meta property=\"article:modified_time\" content=\"2019-09-04T14:33:13+00:00\" \/>\n<meta name=\"twitter:card\" content=\"summary\" \/>\n<meta name=\"twitter:label1\" content=\"Gesch\u00e4tzte Lesezeit\" \/>\n\t<meta name=\"twitter:data1\" content=\"9\u00a0Minuten\" \/>\n<script type=\"application\/ld+json\" class=\"yoast-schema-graph\">{\"@context\":\"https:\/\/schema.org\",\"@graph\":[{\"@type\":\"WebSite\",\"@id\":\"https:\/\/www.xtrasize.us\/#website\",\"url\":\"https:\/\/www.xtrasize.us\/\",\"name\":\"Xtrasize\",\"description\":\"\",\"potentialAction\":[{\"@type\":\"SearchAction\",\"target\":{\"@type\":\"EntryPoint\",\"urlTemplate\":\"https:\/\/www.xtrasize.us\/?s={search_term_string}\"},\"query-input\":\"required name=search_term_string\"}],\"inLanguage\":\"de\"},{\"@type\":\"WebPage\",\"@id\":\"https:\/\/www.xtrasize.us\/de\/datenschutzerklarung\/#webpage\",\"url\":\"https:\/\/www.xtrasize.us\/de\/datenschutzerklarung\/\",\"name\":\"Datenschutzerkl\u00e4rung - Xtrasize\",\"isPartOf\":{\"@id\":\"https:\/\/www.xtrasize.us\/#website\"},\"datePublished\":\"2019-09-04T14:30:10+00:00\",\"dateModified\":\"2019-09-04T14:33:13+00:00\",\"breadcrumb\":{\"@id\":\"https:\/\/www.xtrasize.us\/de\/datenschutzerklarung\/#breadcrumb\"},\"inLanguage\":\"de\",\"potentialAction\":[{\"@type\":\"ReadAction\",\"target\":[\"https:\/\/www.xtrasize.us\/de\/datenschutzerklarung\/\"]}]},{\"@type\":\"BreadcrumbList\",\"@id\":\"https:\/\/www.xtrasize.us\/de\/datenschutzerklarung\/#breadcrumb\",\"itemListElement\":[{\"@type\":\"ListItem\",\"position\":1,\"name\":\"Startseite\",\"item\":\"https:\/\/www.xtrasize.us\/de\/\"},{\"@type\":\"ListItem\",\"position\":2,\"name\":\"Datenschutzerkl\u00e4rung\"}]}]}<\/script>\n<!-- \/ Yoast SEO plugin. -->","yoast_head_json":{"title":"Datenschutzerkl\u00e4rung - Xtrasize","robots":{"index":"noindex","follow":"nofollow"},"og_locale":"de_DE","og_type":"article","og_title":"Datenschutzerkl\u00e4rung - Xtrasize","og_description":"Diese Datenschutzerkl\u00e4rung wurde erstellt, um denjenigen, die sich damit befassen, wie ihre &#8222;personenbezogenen Daten&#8220; (PII) online verwendet werden, besser zu dienen. PII, wie sie im US-Datenschutzgesetz und in der Informationssicherheit verwendet werden, sind Informationen, die allein oder zusammen mit anderen Informationen verwendet werden k\u00f6nnen, um eine einzelne Person zu identifizieren, zu kontaktieren oder zu finden [&hellip;]","og_url":"https:\/\/www.xtrasize.us\/de\/datenschutzerklarung\/","og_site_name":"Xtrasize","article_modified_time":"2019-09-04T14:33:13+00:00","twitter_card":"summary","twitter_misc":{"Gesch\u00e4tzte Lesezeit":"9\u00a0Minuten"},"schema":{"@context":"https:\/\/schema.org","@graph":[{"@type":"WebSite","@id":"https:\/\/www.xtrasize.us\/#website","url":"https:\/\/www.xtrasize.us\/","name":"Xtrasize","description":"","potentialAction":[{"@type":"SearchAction","target":{"@type":"EntryPoint","urlTemplate":"https:\/\/www.xtrasize.us\/?s={search_term_string}"},"query-input":"required name=search_term_string"}],"inLanguage":"de"},{"@type":"WebPage","@id":"https:\/\/www.xtrasize.us\/de\/datenschutzerklarung\/#webpage","url":"https:\/\/www.xtrasize.us\/de\/datenschutzerklarung\/","name":"Datenschutzerkl\u00e4rung - Xtrasize","isPartOf":{"@id":"https:\/\/www.xtrasize.us\/#website"},"datePublished":"2019-09-04T14:30:10+00:00","dateModified":"2019-09-04T14:33:13+00:00","breadcrumb":{"@id":"https:\/\/www.xtrasize.us\/de\/datenschutzerklarung\/#breadcrumb"},"inLanguage":"de","potentialAction":[{"@type":"ReadAction","target":["https:\/\/www.xtrasize.us\/de\/datenschutzerklarung\/"]}]},{"@type":"BreadcrumbList","@id":"https:\/\/www.xtrasize.us\/de\/datenschutzerklarung\/#breadcrumb","itemListElement":[{"@type":"ListItem","position":1,"name":"Startseite","item":"https:\/\/www.xtrasize.us\/de\/"},{"@type":"ListItem","position":2,"name":"Datenschutzerkl\u00e4rung"}]}]}},"_links":{"self":[{"href":"https:\/\/www.xtrasize.us\/de\/wp-json\/wp\/v2\/pages\/382"}],"collection":[{"href":"https:\/\/www.xtrasize.us\/de\/wp-json\/wp\/v2\/pages"}],"about":[{"href":"https:\/\/www.xtrasize.us\/de\/wp-json\/wp\/v2\/types\/page"}],"author":[{"embeddable":true,"href":"https:\/\/www.xtrasize.us\/de\/wp-json\/wp\/v2\/users\/6"}],"replies":[{"embeddable":true,"href":"https:\/\/www.xtrasize.us\/de\/wp-json\/wp\/v2\/comments?post=382"}],"version-history":[{"count":2,"href":"https:\/\/www.xtrasize.us\/de\/wp-json\/wp\/v2\/pages\/382\/revisions"}],"predecessor-version":[{"id":389,"href":"https:\/\/www.xtrasize.us\/de\/wp-json\/wp\/v2\/pages\/382\/revisions\/389"}],"wp:attachment":[{"href":"https:\/\/www.xtrasize.us\/de\/wp-json\/wp\/v2\/media?parent=382"}],"curies":[{"name":"wp","href":"https:\/\/api.w.org\/{rel}","templated":true}]}}